{"id":13,"date":"2026-02-07T13:10:06","date_gmt":"2026-02-07T16:10:06","guid":{"rendered":"http:\/\/expourbantech.com.br\/?page_id=13"},"modified":"2026-02-09T14:41:28","modified_gmt":"2026-02-09T17:41:28","slug":"home","status":"publish","type":"page","link":"https:\/\/expourbantech.com.br\/","title":{"rendered":"HOME"},"content":{"rendered":"\t\t<div data-elementor-type=\"wp-page\" data-elementor-id=\"13\" class=\"elementor elementor-13\">\n\t\t\t\t<div class=\"elementor-element elementor-element-eeb8c8d e-flex e-con-boxed wpr-particle-no wpr-jarallax-no wpr-parallax-no wpr-sticky-section-no e-con e-parent\" data-id=\"eeb8c8d\" data-element_type=\"container\" data-e-type=\"container\" data-settings=\"{&quot;background_background&quot;:&quot;classic&quot;}\">\n\t\t\t\t\t<div class=\"e-con-inner\">\n\t\t<div class=\"elementor-element elementor-element-9318616 e-con-full e-flex wpr-particle-no wpr-jarallax-no wpr-parallax-no wpr-sticky-section-no e-con e-child\" data-id=\"9318616\" data-element_type=\"container\" data-e-type=\"container\">\n\t\t\t\t<div class=\"elementor-element elementor-element-f6f639e elementor-widget elementor-widget-image\" data-id=\"f6f639e\" data-element_type=\"widget\" data-e-type=\"widget\" data-widget_type=\"image.default\">\n\t\t\t\t\t\t\t\t\t\t\t\t\t\t\t<img decoding=\"async\" width=\"410\" height=\"107\" src=\"https:\/\/expourbantech.com.br\/wp-content\/uploads\/2026\/02\/REVEST-1.png\" class=\"elementor-animation-grow attachment-large size-large wp-image-66\" alt=\"\" srcset=\"https:\/\/expourbantech.com.br\/wp-content\/uploads\/2026\/02\/REVEST-1.png 410w, https:\/\/expourbantech.com.br\/wp-content\/uploads\/2026\/02\/REVEST-1-300x78.png 300w\" sizes=\"(max-width: 410px) 100vw, 410px\" \/>\t\t\t\t\t\t\t\t\t\t\t\t\t\t\t<\/div>\n\t\t<div class=\"elementor-element elementor-element-41c10fb e-con-full e-flex wpr-particle-no wpr-jarallax-no wpr-parallax-no wpr-sticky-section-no e-con e-child\" data-id=\"41c10fb\" data-element_type=\"container\" data-e-type=\"container\">\n\t\t\t\t<\/div>\n\t\t\t\t<div class=\"elementor-element elementor-element-04264d0 elementor-widget elementor-widget-image\" data-id=\"04264d0\" data-element_type=\"widget\" data-e-type=\"widget\" data-widget_type=\"image.default\">\n\t\t\t\t\t\t\t\t\t\t\t\t\t\t\t<img fetchpriority=\"high\" decoding=\"async\" width=\"692\" height=\"355\" src=\"https:\/\/expourbantech.com.br\/wp-content\/uploads\/2026\/02\/EXPO-1.png\" class=\"elementor-animation-grow attachment-full size-full wp-image-68\" alt=\"\" srcset=\"https:\/\/expourbantech.com.br\/wp-content\/uploads\/2026\/02\/EXPO-1.png 692w, https:\/\/expourbantech.com.br\/wp-content\/uploads\/2026\/02\/EXPO-1-300x154.png 300w\" sizes=\"(max-width: 692px) 100vw, 692px\" \/>\t\t\t\t\t\t\t\t\t\t\t\t\t\t\t<\/div>\n\t\t\t\t<div class=\"elementor-element elementor-element-a290afc elementor-widget elementor-widget-image\" data-id=\"a290afc\" data-element_type=\"widget\" data-e-type=\"widget\" data-widget_type=\"image.default\">\n\t\t\t\t\t\t\t\t\t\t\t\t\t\t\t<img decoding=\"async\" width=\"1250\" height=\"252\" src=\"https:\/\/expourbantech.com.br\/wp-content\/uploads\/2026\/02\/MARCAS-1.png\" class=\"elementor-animation-grow attachment-full size-full wp-image-69\" alt=\"\" srcset=\"https:\/\/expourbantech.com.br\/wp-content\/uploads\/2026\/02\/MARCAS-1.png 1250w, https:\/\/expourbantech.com.br\/wp-content\/uploads\/2026\/02\/MARCAS-1-300x60.png 300w, https:\/\/expourbantech.com.br\/wp-content\/uploads\/2026\/02\/MARCAS-1-1024x206.png 1024w, https:\/\/expourbantech.com.br\/wp-content\/uploads\/2026\/02\/MARCAS-1-768x155.png 768w\" sizes=\"(max-width: 1250px) 100vw, 1250px\" \/>\t\t\t\t\t\t\t\t\t\t\t\t\t\t\t<\/div>\n\t\t<div class=\"elementor-element elementor-element-2d0079e e-con-full e-flex wpr-particle-no wpr-jarallax-no wpr-parallax-no wpr-sticky-section-no e-con e-child\" data-id=\"2d0079e\" data-element_type=\"container\" data-e-type=\"container\">\n\t\t\t\t<\/div>\n\t\t\t\t<div class=\"elementor-element elementor-element-2ff6c08 elementor-widget elementor-widget-image\" data-id=\"2ff6c08\" data-element_type=\"widget\" data-e-type=\"widget\" data-widget_type=\"image.default\">\n\t\t\t\t\t\t\t\t\t\t\t\t\t\t\t<img loading=\"lazy\" decoding=\"async\" width=\"1312\" height=\"189\" src=\"https:\/\/expourbantech.com.br\/wp-content\/uploads\/2026\/02\/DATA-1.png\" class=\"elementor-animation-grow attachment-full size-full wp-image-70\" alt=\"\" srcset=\"https:\/\/expourbantech.com.br\/wp-content\/uploads\/2026\/02\/DATA-1.png 1312w, https:\/\/expourbantech.com.br\/wp-content\/uploads\/2026\/02\/DATA-1-300x43.png 300w, https:\/\/expourbantech.com.br\/wp-content\/uploads\/2026\/02\/DATA-1-1024x148.png 1024w, https:\/\/expourbantech.com.br\/wp-content\/uploads\/2026\/02\/DATA-1-768x111.png 768w\" sizes=\"(max-width: 1312px) 100vw, 1312px\" \/>\t\t\t\t\t\t\t\t\t\t\t\t\t\t\t<\/div>\n\t\t\t\t<\/div>\n\t\t\t\t\t<\/div>\n\t\t\t\t<\/div>\n\t\t<div class=\"elementor-element elementor-element-a108829 e-flex e-con-boxed wpr-particle-no wpr-jarallax-no wpr-parallax-no wpr-sticky-section-no e-con e-parent\" data-id=\"a108829\" data-element_type=\"container\" data-e-type=\"container\" data-settings=\"{&quot;background_background&quot;:&quot;classic&quot;}\">\n\t\t\t\t\t<div class=\"e-con-inner\">\n\t\t<div class=\"elementor-element elementor-element-cb62526 e-con-full e-flex wpr-particle-no wpr-jarallax-no wpr-parallax-no wpr-sticky-section-no e-con e-child\" data-id=\"cb62526\" data-element_type=\"container\" data-e-type=\"container\">\n\t\t\t\t<div class=\"elementor-element elementor-element-8be038c elementor-widget elementor-widget-heading\" data-id=\"8be038c\" data-element_type=\"widget\" data-e-type=\"widget\" data-widget_type=\"heading.default\">\n\t\t\t\t\t<h2 class=\"elementor-heading-title elementor-size-default\">SOBRE A EXPOURBANTECH 2026:<\/h2>\t\t\t\t<\/div>\n\t\t\t\t<div class=\"elementor-element elementor-element-406d468 elementor-widget elementor-widget-heading\" data-id=\"406d468\" data-element_type=\"widget\" data-e-type=\"widget\" data-widget_type=\"heading.default\">\n\t\t\t\t\t<h2 class=\"elementor-heading-title elementor-size-default\">A EVOLU\u00c7\u00c3O DOS MUNIC\u00cdPIOS INTELIGENTES NO BRASIL<\/h2>\t\t\t\t<\/div>\n\t\t\t\t<div class=\"elementor-element elementor-element-cfaf9ac elementor-widget elementor-widget-text-editor\" data-id=\"cfaf9ac\" data-element_type=\"widget\" data-e-type=\"widget\" data-widget_type=\"text-editor.default\">\n\t\t\t\t\t\t\t\t\t<p><span class=\"a_GcMg font-feature-liga-off font-feature-clig-off font-feature-calt-off text-decoration-none text-strikethrough-none\" style=\"color: #333333;\">Com apoio oficial do Governo Federal, do Minist\u00e9rio da Integra\u00e7\u00e3o e do Desenvolvimento Regional, da Prefeitura Municipal do Rio de Janeiro e da RIOTUR \u2013 Empresa de Turismo do Munic\u00edpio Rio de Janeiro, a EXPOURBANTECH 2026 &#8211; Feira Internacional de Arquitetura e Urbanismo Transescalar Inteligente, chega para consolidar-se como o maior encontro de inova\u00e7\u00e3o, tecnologia urbana e solu\u00e7\u00f5es para munic\u00edpios inteligentes da Am\u00e9rica Latina.<\/span><\/p>\t\t\t\t\t\t\t\t<\/div>\n\t\t\t\t<div class=\"elementor-element elementor-element-5f7f7a8 elementor-widget elementor-widget-button\" data-id=\"5f7f7a8\" data-element_type=\"widget\" data-e-type=\"widget\" data-widget_type=\"button.default\">\n\t\t\t\t\t\t\t\t\t\t<a class=\"elementor-button elementor-size-sm elementor-animation-grow\" role=\"button\">\n\t\t\t\t\t\t<span class=\"elementor-button-content-wrapper\">\n\t\t\t\t\t\t\t\t\t<span class=\"elementor-button-text\">SAIBA MAIS<\/span>\n\t\t\t\t\t<\/span>\n\t\t\t\t\t<\/a>\n\t\t\t\t\t\t\t\t<\/div>\n\t\t\t\t<\/div>\n\t\t<div class=\"elementor-element elementor-element-5d8cfca e-con-full e-flex wpr-particle-no wpr-jarallax-no wpr-parallax-no wpr-sticky-section-no e-con e-child\" data-id=\"5d8cfca\" data-element_type=\"container\" data-e-type=\"container\">\n\t\t\t\t<div class=\"elementor-element elementor-element-abafb43 elementor-widget elementor-widget-image\" data-id=\"abafb43\" data-element_type=\"widget\" data-e-type=\"widget\" data-widget_type=\"image.default\">\n\t\t\t\t\t\t\t\t\t\t\t\t\t\t\t<img loading=\"lazy\" decoding=\"async\" width=\"1082\" height=\"1082\" src=\"https:\/\/expourbantech.com.br\/wp-content\/uploads\/2026\/02\/CABECA-1.png\" class=\"elementor-animation-grow attachment-full size-full wp-image-99\" alt=\"\" srcset=\"https:\/\/expourbantech.com.br\/wp-content\/uploads\/2026\/02\/CABECA-1.png 1082w, https:\/\/expourbantech.com.br\/wp-content\/uploads\/2026\/02\/CABECA-1-300x300.png 300w, https:\/\/expourbantech.com.br\/wp-content\/uploads\/2026\/02\/CABECA-1-1024x1024.png 1024w, https:\/\/expourbantech.com.br\/wp-content\/uploads\/2026\/02\/CABECA-1-150x150.png 150w, https:\/\/expourbantech.com.br\/wp-content\/uploads\/2026\/02\/CABECA-1-768x768.png 768w\" sizes=\"(max-width: 1082px) 100vw, 1082px\" \/>\t\t\t\t\t\t\t\t\t\t\t\t\t\t\t<\/div>\n\t\t\t\t<\/div>\n\t\t\t\t\t<\/div>\n\t\t\t\t<\/div>\n\t\t<div class=\"elementor-element elementor-element-1fe76ce e-flex e-con-boxed wpr-particle-no wpr-jarallax-no wpr-parallax-no wpr-sticky-section-no e-con e-parent\" data-id=\"1fe76ce\" data-element_type=\"container\" data-e-type=\"container\" data-settings=\"{&quot;background_background&quot;:&quot;classic&quot;}\">\n\t\t\t\t\t<div class=\"e-con-inner\">\n\t\t\t\t<div class=\"elementor-element elementor-element-74d4be2 elementor-widget elementor-widget-heading\" data-id=\"74d4be2\" data-element_type=\"widget\" data-e-type=\"widget\" data-widget_type=\"heading.default\">\n\t\t\t\t\t<h2 class=\"elementor-heading-title elementor-size-default\">Not\u00edcias Expourbantech<\/h2>\t\t\t\t<\/div>\n\t\t\t\t<div class=\"elementor-element elementor-element-abde13b elementor-widget elementor-widget-text-editor\" data-id=\"abde13b\" data-element_type=\"widget\" data-e-type=\"widget\" data-widget_type=\"text-editor.default\">\n\t\t\t\t\t\t\t\t\t<p>Lorem ipsum dolor sit amet, consectetur adipiscing elit. Ut elit tellus, luctus nec ullamcorper mattis, pulvinar dapibus leo.<\/p>\t\t\t\t\t\t\t\t<\/div>\n\t\t<div class=\"elementor-element elementor-element-5ec1e88 e-grid e-con-full wpr-particle-no wpr-jarallax-no wpr-parallax-no wpr-sticky-section-no e-con e-child\" data-id=\"5ec1e88\" data-element_type=\"container\" data-e-type=\"container\">\n\t\t\t\t<div class=\"elementor-element elementor-element-c801623 elementor-position-top elementor-widget elementor-widget-image-box\" data-id=\"c801623\" data-element_type=\"widget\" data-e-type=\"widget\" data-widget_type=\"image-box.default\">\n\t\t\t\t\t<div class=\"elementor-image-box-wrapper\"><figure class=\"elementor-image-box-img\"><img decoding=\"async\" src=\"https:\/\/expourbantech.com.br\/wp-content\/plugins\/elementor\/assets\/images\/placeholder.png\" title=\"\" alt=\"\" loading=\"lazy\" \/><\/figure><div class=\"elementor-image-box-content\"><h3 class=\"elementor-image-box-title\">Este \u00e9 o t\u00edtulo<\/h3><p class=\"elementor-image-box-description\">Lorem ipsum dolor sit amet, consectetur adipiscing elit. Ut elit tellus, luctus nec ullamcorper mattis, pulvinar dapibus leo.<\/p><\/div><\/div>\t\t\t\t<\/div>\n\t\t\t\t<div class=\"elementor-element elementor-element-00bb061 elementor-position-top elementor-widget elementor-widget-image-box\" data-id=\"00bb061\" data-element_type=\"widget\" data-e-type=\"widget\" data-widget_type=\"image-box.default\">\n\t\t\t\t\t<div class=\"elementor-image-box-wrapper\"><figure class=\"elementor-image-box-img\"><img decoding=\"async\" src=\"https:\/\/expourbantech.com.br\/wp-content\/plugins\/elementor\/assets\/images\/placeholder.png\" title=\"\" alt=\"\" loading=\"lazy\" \/><\/figure><div class=\"elementor-image-box-content\"><h3 class=\"elementor-image-box-title\">Este \u00e9 o t\u00edtulo<\/h3><p class=\"elementor-image-box-description\">Lorem ipsum dolor sit amet, consectetur adipiscing elit. Ut elit tellus, luctus nec ullamcorper mattis, pulvinar dapibus leo.<\/p><\/div><\/div>\t\t\t\t<\/div>\n\t\t\t\t<div class=\"elementor-element elementor-element-db2132a elementor-position-top elementor-widget elementor-widget-image-box\" data-id=\"db2132a\" data-element_type=\"widget\" data-e-type=\"widget\" data-widget_type=\"image-box.default\">\n\t\t\t\t\t<div class=\"elementor-image-box-wrapper\"><figure class=\"elementor-image-box-img\"><img decoding=\"async\" src=\"https:\/\/expourbantech.com.br\/wp-content\/plugins\/elementor\/assets\/images\/placeholder.png\" title=\"\" alt=\"\" loading=\"lazy\" \/><\/figure><div class=\"elementor-image-box-content\"><h3 class=\"elementor-image-box-title\">Este \u00e9 o t\u00edtulo<\/h3><p class=\"elementor-image-box-description\">Lorem ipsum dolor sit amet, consectetur adipiscing elit. Ut elit tellus, luctus nec ullamcorper mattis, pulvinar dapibus leo.<\/p><\/div><\/div>\t\t\t\t<\/div>\n\t\t\t\t<\/div>\n\t\t\t\t\t<\/div>\n\t\t\t\t<\/div>\n\t\t<div class=\"elementor-element elementor-element-5efcc9a e-flex e-con-boxed wpr-particle-no wpr-jarallax-no wpr-parallax-no wpr-sticky-section-no e-con e-parent\" data-id=\"5efcc9a\" data-element_type=\"container\" data-e-type=\"container\" data-settings=\"{&quot;background_background&quot;:&quot;classic&quot;}\">\n\t\t\t\t\t<div class=\"e-con-inner\">\n\t\t<div class=\"elementor-element elementor-element-95d007b e-con-full e-flex wpr-particle-no wpr-jarallax-no wpr-parallax-no wpr-sticky-section-no e-con e-child\" data-id=\"95d007b\" data-element_type=\"container\" data-e-type=\"container\">\n\t\t\t\t<div class=\"elementor-element elementor-element-bd11fa8 elementor-widget elementor-widget-image\" data-id=\"bd11fa8\" data-element_type=\"widget\" data-e-type=\"widget\" data-widget_type=\"image.default\">\n\t\t\t\t\t\t\t\t\t\t\t\t\t\t\t<img loading=\"lazy\" decoding=\"async\" width=\"538\" height=\"362\" src=\"https:\/\/expourbantech.com.br\/wp-content\/uploads\/2026\/02\/logo-forum.png\" class=\"elementor-animation-grow attachment-full size-full wp-image-137\" alt=\"\" srcset=\"https:\/\/expourbantech.com.br\/wp-content\/uploads\/2026\/02\/logo-forum.png 538w, https:\/\/expourbantech.com.br\/wp-content\/uploads\/2026\/02\/logo-forum-300x202.png 300w\" sizes=\"(max-width: 538px) 100vw, 538px\" \/>\t\t\t\t\t\t\t\t\t\t\t\t\t\t\t<\/div>\n\t\t\t\t<div class=\"elementor-element elementor-element-4a72f01 elementor-widget elementor-widget-heading\" data-id=\"4a72f01\" data-element_type=\"widget\" data-e-type=\"widget\" data-widget_type=\"heading.default\">\n\t\t\t\t\t<h2 class=\"elementor-heading-title elementor-size-default\">A INTELIG\u00caNCIA DAS CIDADES EM DEBATE<\/h2>\t\t\t\t<\/div>\n\t\t\t\t<div class=\"elementor-element elementor-element-41415fa elementor-widget elementor-widget-heading\" data-id=\"41415fa\" data-element_type=\"widget\" data-e-type=\"widget\" data-widget_type=\"heading.default\">\n\t\t\t\t\t<h2 class=\"elementor-heading-title elementor-size-default\">PALESTRANTES SENDO CONVIDADOS<\/h2>\t\t\t\t<\/div>\n\t\t\t\t<div class=\"elementor-element elementor-element-c0eecb9 elementor-widget__width-initial elementor-widget-mobile__width-initial elementor-widget elementor-widget-image\" data-id=\"c0eecb9\" data-element_type=\"widget\" data-e-type=\"widget\" data-widget_type=\"image.default\">\n\t\t\t\t\t\t\t\t\t\t\t\t\t\t\t<img loading=\"lazy\" decoding=\"async\" width=\"1470\" height=\"504\" src=\"https:\/\/expourbantech.com.br\/wp-content\/uploads\/2026\/02\/palestrantes.png\" class=\"elementor-animation-grow attachment-full size-full wp-image-138\" alt=\"\" srcset=\"https:\/\/expourbantech.com.br\/wp-content\/uploads\/2026\/02\/palestrantes.png 1470w, https:\/\/expourbantech.com.br\/wp-content\/uploads\/2026\/02\/palestrantes-300x103.png 300w, https:\/\/expourbantech.com.br\/wp-content\/uploads\/2026\/02\/palestrantes-1024x351.png 1024w, https:\/\/expourbantech.com.br\/wp-content\/uploads\/2026\/02\/palestrantes-768x263.png 768w\" sizes=\"(max-width: 1470px) 100vw, 1470px\" \/>\t\t\t\t\t\t\t\t\t\t\t\t\t\t\t<\/div>\n\t\t\t\t<\/div>\n\t\t<div class=\"elementor-element elementor-element-d485eb3 e-con-full e-flex wpr-parallax-no wpr-sticky-section-no e-con e-child\" data-id=\"d485eb3\" data-element_type=\"container\" data-e-type=\"container\" data-settings=\"{&quot;background_background&quot;:&quot;classic&quot;}\">\n\t\t<div class=\"elementor-element elementor-element-c75d81b e-con-full e-flex wpr-particle-no wpr-jarallax-no wpr-parallax-no wpr-sticky-section-no e-con e-child\" data-id=\"c75d81b\" data-element_type=\"container\" data-e-type=\"container\">\n\t\t\t\t<\/div>\n\t\t\t\t<div class=\"elementor-element elementor-element-a38e3f8 elementor-align-right elementor-widget elementor-widget-button\" data-id=\"a38e3f8\" data-element_type=\"widget\" data-e-type=\"widget\" data-widget_type=\"button.default\">\n\t\t\t\t\t\t\t\t\t\t<a class=\"elementor-button elementor-size-sm elementor-animation-grow\" role=\"button\">\n\t\t\t\t\t\t<span class=\"elementor-button-content-wrapper\">\n\t\t\t\t\t\t\t\t\t<span class=\"elementor-button-text\">SAIBA MAIS<\/span>\n\t\t\t\t\t<\/span>\n\t\t\t\t\t<\/a>\n\t\t\t\t\t\t\t\t<\/div>\n\t\t\t\t<\/div>\n\t\t\t\t\t<\/div>\n\t\t\t\t<\/div>\n\t\t<div class=\"elementor-element elementor-element-1d029ac e-flex e-con-boxed wpr-particle-no wpr-jarallax-no wpr-parallax-no wpr-sticky-section-no e-con e-parent\" data-id=\"1d029ac\" data-element_type=\"container\" data-e-type=\"container\" data-settings=\"{&quot;background_background&quot;:&quot;classic&quot;}\">\n\t\t\t\t\t<div class=\"e-con-inner\">\n\t\t<div class=\"elementor-element elementor-element-4ea078d e-con-full e-flex wpr-particle-no wpr-jarallax-no wpr-parallax-no wpr-sticky-section-no e-con e-child\" data-id=\"4ea078d\" data-element_type=\"container\" data-e-type=\"container\">\n\t\t\t\t<div class=\"elementor-element elementor-element-6c77797 elementor-widget elementor-widget-image\" data-id=\"6c77797\" data-element_type=\"widget\" data-e-type=\"widget\" data-widget_type=\"image.default\">\n\t\t\t\t\t\t\t\t\t\t\t\t\t\t\t<img decoding=\"async\" src=\"https:\/\/expourbantech.com.br\/wp-content\/plugins\/elementor\/assets\/images\/placeholder.png\" title=\"\" alt=\"\" loading=\"lazy\" \/>\t\t\t\t\t\t\t\t\t\t\t\t\t\t\t<\/div>\n\t\t\t\t<\/div>\n\t\t<div class=\"elementor-element elementor-element-4d14635 e-con-full e-flex wpr-particle-no wpr-jarallax-no wpr-parallax-no wpr-sticky-section-no e-con e-child\" data-id=\"4d14635\" data-element_type=\"container\" data-e-type=\"container\">\n\t\t\t\t<div class=\"elementor-element elementor-element-1bec40e elementor-widget elementor-widget-heading\" data-id=\"1bec40e\" data-element_type=\"widget\" data-e-type=\"widget\" data-widget_type=\"heading.default\">\n\t\t\t\t\t<h2 class=\"elementor-heading-title elementor-size-default\">MIDIAS EXPOURBANTECH<\/h2>\t\t\t\t<\/div>\n\t\t\t\t<div class=\"elementor-element elementor-element-bcbbe11 elementor-widget elementor-widget-text-editor\" data-id=\"bcbbe11\" data-element_type=\"widget\" data-e-type=\"widget\" data-widget_type=\"text-editor.default\">\n\t\t\t\t\t\t\t\t\t<p><span class=\"a_GcMg font-feature-liga-off font-feature-clig-off font-feature-calt-off text-decoration-none text-strikethrough-none\">Durante a feira, a Editora VJ far\u00e1 o lan\u00e7amento de dois livros e duas revistas que alcan\u00e7am diretamente profissionais, gestores p\u00fablicos, empresas e formadores de opini\u00e3o do setor. Sua marca estar\u00e1 presente em todas elas, ampliando significativamente a presen\u00e7a e o reconhecimento junto ao mercado.<\/span><\/p>\t\t\t\t\t\t\t\t<\/div>\n\t\t\t\t<div class=\"elementor-element elementor-element-b37846f elementor-widget elementor-widget-button\" data-id=\"b37846f\" data-element_type=\"widget\" data-e-type=\"widget\" data-widget_type=\"button.default\">\n\t\t\t\t\t\t\t\t\t\t<a class=\"elementor-button elementor-button-link elementor-size-sm\" href=\"#\">\n\t\t\t\t\t\t<span class=\"elementor-button-content-wrapper\">\n\t\t\t\t\t\t\t\t\t<span class=\"elementor-button-text\">Clique aqui<\/span>\n\t\t\t\t\t<\/span>\n\t\t\t\t\t<\/a>\n\t\t\t\t\t\t\t\t<\/div>\n\t\t\t\t<\/div>\n\t\t\t\t\t<\/div>\n\t\t\t\t<\/div>\n\t\t\t\t<\/div>\n\t\t","protected":false},"excerpt":{"rendered":"<p>SOBRE A EXPOURBANTECH 2026: A EVOLU\u00c7\u00c3O DOS MUNIC\u00cdPIOS INTELIGENTES NO BRASIL Com apoio oficial do Governo Federal, do Minist\u00e9rio da Integra\u00e7\u00e3o e do Desenvolvimento Regional, da Prefeitura Municipal do Rio de Janeiro e da RIOTUR \u2013 Empresa de Turismo do Munic\u00edpio Rio de Janeiro, a EXPOURBANTECH 2026 &#8211; Feira Internacional de Arquitetura e Urbanismo Transescalar Inteligente, chega para consolidar-se como o maior encontro de inova\u00e7\u00e3o, tecnologia urbana e solu\u00e7\u00f5es para munic\u00edpios inteligentes da Am\u00e9rica Latina. SAIBA MAIS Not\u00edcias Expourbantech Lorem ipsum dolor sit amet, consectetur adipiscing elit. Ut elit tellus, luctus nec ullamcorper mattis, pulvinar dapibus leo. Este \u00e9 o t\u00edtulo Lorem ipsum dolor sit amet, consectetur adipiscing elit. Ut elit tellus, luctus nec ullamcorper mattis, pulvinar dapibus leo. Este \u00e9 o t\u00edtulo Lorem ipsum dolor sit amet, consectetur adipiscing elit. Ut elit tellus, luctus nec ullamcorper mattis, pulvinar dapibus leo. Este \u00e9 o t\u00edtulo Lorem ipsum dolor sit amet, consectetur adipiscing elit. Ut elit tellus, luctus nec ullamcorper mattis, pulvinar dapibus leo. A INTELIG\u00caNCIA DAS CIDADES EM DEBATE PALESTRANTES SENDO CONVIDADOS SAIBA MAIS MIDIAS EXPOURBANTECH Durante a feira, a Editora VJ far\u00e1 o lan\u00e7amento de dois livros e duas revistas que alcan\u00e7am diretamente profissionais, gestores p\u00fablicos, empresas e formadores de opini\u00e3o do setor. Sua marca estar\u00e1 presente em todas elas, ampliando significativamente a presen\u00e7a e o reconhecimento junto ao mercado. Clique aqui<\/p>\n","protected":false},"author":1,"featured_media":0,"parent":0,"menu_order":0,"comment_status":"closed","ping_status":"closed","template":"","meta":{"footnotes":""},"class_list":["post-13","page","type-page","status-publish","hentry"],"_links":{"self":[{"href":"https:\/\/expourbantech.com.br\/index.php?rest_route=\/wp\/v2\/pages\/13","targetHints":{"allow":["GET"]}}],"collection":[{"href":"https:\/\/expourbantech.com.br\/index.php?rest_route=\/wp\/v2\/pages"}],"about":[{"href":"https:\/\/expourbantech.com.br\/index.php?rest_route=\/wp\/v2\/types\/page"}],"author":[{"embeddable":true,"href":"https:\/\/expourbantech.com.br\/index.php?rest_route=\/wp\/v2\/users\/1"}],"replies":[{"embeddable":true,"href":"https:\/\/expourbantech.com.br\/index.php?rest_route=%2Fwp%2Fv2%2Fcomments&post=13"}],"version-history":[{"count":100,"href":"https:\/\/expourbantech.com.br\/index.php?rest_route=\/wp\/v2\/pages\/13\/revisions"}],"predecessor-version":[{"id":186,"href":"https:\/\/expourbantech.com.br\/index.php?rest_route=\/wp\/v2\/pages\/13\/revisions\/186"}],"wp:attachment":[{"href":"https:\/\/expourbantech.com.br\/index.php?rest_route=%2Fwp%2Fv2%2Fmedia&parent=13"}],"curies":[{"name":"wp","href":"https:\/\/api.w.org\/{rel}","templated":true}]}}